{"id":63,"date":"2022-03-22T09:11:32","date_gmt":"2022-03-22T09:11:32","guid":{"rendered":"https:\/\/shtheme.com\/demosd\/phoxel\/?page_id=63"},"modified":"2026-03-09T14:08:20","modified_gmt":"2026-03-09T14:08:20","slug":"contact-us","status":"publish","type":"page","link":"https:\/\/hugoproduction.ch\/de\/contact-us\/","title":{"rendered":"Contact Us"},"content":{"rendered":"<div data-elementor-type=\"wp-page\" data-elementor-id=\"63\" class=\"elementor elementor-63\">\n\t\t\t\t\t\t<section class=\"elementor-section elementor-top-section elementor-element elementor-element-a3b82a4 elementor-section-full_width elementor-section-height-default elementor-section-height-default\" data-id=\"a3b82a4\" data-element_type=\"section\" data-e-type=\"section\">\n\t\t\t\t\t\t<div class=\"elementor-container elementor-column-gap-no\">\n\t\t\t\t\t<div class=\"elementor-column elementor-col-100 elementor-top-column elementor-element elementor-element-1ab8057\" data-id=\"1ab8057\" data-element_type=\"column\" data-e-type=\"column\">\n\t\t\t<div class=\"elementor-widget-wrap elementor-element-populated\">\n\t\t\t\t\t\t<div class=\"elementor-element elementor-element-64537fb elementor-align-left elementor-widget elementor-widget-pages-banner\" data-id=\"64537fb\" data-element_type=\"widget\" data-e-type=\"widget\" data-widget_type=\"pages-banner.default\">\n\t\t\t\t<div class=\"elementor-widget-container\">\n\t\t\t\t\t        <!-- Header Banner section -->\n        \t        \t        <section class=\"banner-header banner-img banner-img-top section-padding valign bg-img bg-fixed banner-overlay\" data-overlay-darkgray=\"1\" data-background=\"https:\/\/shtheme.com\/demosd\/phoxel\/wp-content\/uploads\/2022\/05\/6-scaled.jpg\">\n\t                        \t<div class=\"container\">\n        \t\t<div class=\"row\">\n        \t\t\t<div class=\"col-md-5\">\n        \t\t\t\t        \t\t\t\t<h1>Contact<\/h1>\n        \t\t\t\t        \t\t\t\t        \t\t\t\t<hr class=\"border-1\">\n        \t\t\t\t<p>Praesent sed nisl ullamcorper metus utah phare mavna busnini viventa the ornare ipsum.<\/p>\n        \t\t\t\t        \t\t\t<\/div>\n        \t\t<\/div>\n        \t<\/div>\n        <\/section>\n\t\t\t\t\t<\/div>\n\t\t\t\t<\/div>\n\t\t\t\t\t<\/div>\n\t\t<\/div>\n\t\t\t\t\t<\/div>\n\t\t<\/section>\n\t\t\t\t<section class=\"elementor-section elementor-top-section elementor-element elementor-element-8f2f3a3 elementor-section-full_width elementor-section-height-default elementor-section-height-default\" data-id=\"8f2f3a3\" data-element_type=\"section\" data-e-type=\"section\">\n\t\t\t\t\t\t<div class=\"elementor-container elementor-column-gap-no\">\n\t\t\t\t\t<div class=\"elementor-column elementor-col-100 elementor-top-column elementor-element elementor-element-ec950db\" data-id=\"ec950db\" data-element_type=\"column\" data-e-type=\"column\">\n\t\t\t<div class=\"elementor-widget-wrap elementor-element-populated\">\n\t\t\t\t\t\t<div class=\"elementor-element elementor-element-cfda6ce elementor-align-left elementor-widget elementor-widget-pages-contact\" data-id=\"cfda6ce\" data-element_type=\"widget\" data-e-type=\"widget\" data-widget_type=\"pages-contact.default\">\n\t\t\t\t<div class=\"elementor-widget-container\">\n\t\t\t\t\t\n\t\t<section class=\"contact section-padding bg-cross\">\n\t\t\t<div class=\"container\">\n\t\t\t\t<div class=\"row mb-120\">\n\t\t\t\t\t<div class=\"col-md-5 mb-60 animate-box\" data-animate-effect=\"fadeInUp\">\n\t\t\t\t\t\t\t\t\t\t\t\t<h5>Kontaktieren Sie uns<\/h5>\n\t\t\t\t\t\t\t\t\t\t\t\t\t\t\t\t\t\t<p class=\"mb-30\">F\u00fcr weitere Informationen kontaktieren Sie uns \u00fcber eine der folgenden M\u00f6glichkeiten.<\/p>\n\t\t\t\t\t\t\n\t\t\t\t\t\t\t\t\t\t\t\t\t<div class=\"contact-link\">\n\t\t\t\t\t\t\t\t\t\t\t\t\t\t\t\t\t<div class=\"contact-link-icon\"><img decoding=\"async\" src=\"https:\/\/shtheme.com\/demosd\/phoxel\/wp-content\/uploads\/2022\/05\/c1.svg\" alt=\"\"><\/div>\n\t\t\t\t\t\t\t\t\t\t\t\t\t\t\t\t<div class=\"contact-link-content\">\n\t\t\t\t\t\t\t\t\t\t\t\t\t\t\t\t\t\t\t<div class=\"contact-link-title\">Rufen Sie uns an<\/div>\n\t\t\t\t\t\t\t\t\t\t\t\t\t\t\t\t\t\t\t\t\t\t\t\t\t\t\t\t<div class=\"contact-link-text\">+41 76 244 96 78<\/div>\n\t\t\t\t\t\t\t\t\t\t\t\t\t\t\t\t\t<\/div>\n\t\t\t\t\t\t\t<\/div>\n\t\t\t\t\t\t\t\t\t\t\t\t\t<div class=\"contact-link\">\n\t\t\t\t\t\t\t\t\t\t\t\t\t\t\t\t\t<div class=\"contact-link-icon\"><img decoding=\"async\" src=\"https:\/\/shtheme.com\/demosd\/phoxel\/wp-content\/uploads\/2022\/05\/c2.svg\" alt=\"\"><\/div>\n\t\t\t\t\t\t\t\t\t\t\t\t\t\t\t\t<div class=\"contact-link-content\">\n\t\t\t\t\t\t\t\t\t\t\t\t\t\t\t\t\t\t\t<div class=\"contact-link-title\">Schicken Sie uns eine E-Mail<\/div>\n\t\t\t\t\t\t\t\t\t\t\t\t\t\t\t\t\t\t\t\t\t\t\t\t\t\t\t\t<div class=\"contact-link-text\">contact@hugoproduction.ch\n<\/div>\n\t\t\t\t\t\t\t\t\t\t\t\t\t\t\t\t\t<\/div>\n\t\t\t\t\t\t\t<\/div>\n\t\t\t\t\t\t\t\t\t\t\t<\/div>\n\t\t\t\t\t<div class=\"col-md-5 offset-md-2 animate-box\" data-animate-effect=\"fadeInUp\">\n\t\t\t\t\t\t<div class=\"form-box\">\n\t\t\t\t\t\t\t\t\t\t\t\t\t\t<h5>Schicken Sie uns eine E-Mail<\/h5>\n\t\t\t\t\t\t\t\t\t\t\t\t\t\t\t\t\t\t\t\t\t\n<div class=\"wpcf7 no-js\" id=\"wpcf7-f67-o1\" lang=\"en-US\" dir=\"ltr\" data-wpcf7-id=\"67\">\n<div class=\"screen-reader-response\"><p role=\"status\" aria-live=\"polite\" aria-atomic=\"true\"><\/p> <ul><\/ul><\/div>\n<form action=\"\/de\/wp-json\/wp\/v2\/pages\/63#wpcf7-f67-o1\" method=\"post\" class=\"wpcf7-form init\" aria-label=\"Contact form\" novalidate=\"novalidate\" data-status=\"init\" data-trp-original-action=\"\/de\/wp-json\/wp\/v2\/pages\/63#wpcf7-f67-o1\">\n<fieldset class=\"hidden-fields-container\"><input type=\"hidden\" name=\"_wpcf7\" value=\"67\" \/><input type=\"hidden\" name=\"_wpcf7_version\" value=\"6.1.5\" \/><input type=\"hidden\" name=\"_wpcf7_locale\" value=\"en_US\" \/><input type=\"hidden\" name=\"_wpcf7_unit_tag\" value=\"wpcf7-f67-o1\" \/><input type=\"hidden\" name=\"_wpcf7_container_post\" value=\"0\" \/><input type=\"hidden\" name=\"_wpcf7_posted_data_hash\" value=\"\" \/>\n<\/fieldset>\n<div class=\"row\">\n    <div class=\"col-md-12\">\n        <span class=\"wpcf7-form-control-wrap\" data-name=\"your-name\"><input size=\"40\" maxlength=\"400\" class=\"wpcf7-form-control wpcf7-text\" id=\"name\" aria-invalid=\"false\" placeholder=\"Nachname und Vorname\" value=\"\" type=\"text\" name=\"your-name\" \/><\/span><\/div>\n    <div class=\"col-md-12\">\n        <span class=\"wpcf7-form-control-wrap\" data-name=\"your-email\"><input size=\"40\" maxlength=\"400\" class=\"wpcf7-form-control wpcf7-email wpcf7-validates-as-required wpcf7-text wpcf7-validates-as-email\" id=\"email\" aria-required=\"true\" aria-invalid=\"false\" placeholder=\"Ihre email\" value=\"\" type=\"email\" name=\"your-email\" \/><\/span><\/div>\n    <div class=\"col-md-12\"><span class=\"wpcf7-form-control-wrap\" data-name=\"your-message\"><textarea cols=\"40\" rows=\"10\" maxlength=\"2000\" class=\"wpcf7-form-control wpcf7-textarea\" id=\"message\" aria-invalid=\"false\" placeholder=\"Ihre Nachricht\" name=\"your-message\"><\/textarea><\/span><\/div>\n    <div class=\"col-md-12\">\n            <div class=\"col-md-12\">\n        <label>Usluge koje Vas zanimaju:<\/label><br>\n        <span class=\"wpcf7-form-control-wrap\" data-name=\"services\"><span class=\"wpcf7-form-control wpcf7-checkbox\"><span class=\"wpcf7-list-item first\"><label><input type=\"checkbox\" name=\"services[]\" value=\"Foto\" \/><span class=\"wpcf7-list-item-label\">Foto<\/span><\/label><\/span><span class=\"wpcf7-list-item\"><label><input type=\"checkbox\" name=\"services[]\" value=\"Video\" \/><span class=\"wpcf7-list-item-label\">Video<\/span><\/label><\/span><span class=\"wpcf7-list-item\"><label><input type=\"checkbox\" name=\"services[]\" value=\"Rasveta\" \/><span class=\"wpcf7-list-item-label\">Party Beleuchtung<\/span><\/label><\/span><span class=\"wpcf7-list-item\"><label><input type=\"checkbox\" name=\"services[]\" value=\"360 Video Booth\" \/><span class=\"wpcf7-list-item-label\">360 Video Booth<\/span><\/label><\/span><span class=\"wpcf7-list-item\"><label><input type=\"checkbox\" name=\"services[]\" value=\"Fotobox\" \/><span class=\"wpcf7-list-item-label\">Fotobox<\/span><\/label><\/span><span class=\"wpcf7-list-item\"><label><input type=\"checkbox\" name=\"services[]\" value=\"Vatrometi\" \/><span class=\"wpcf7-list-item-label\">Feuerwerke<\/span><\/label><\/span><span class=\"wpcf7-list-item\"><label><input type=\"checkbox\" name=\"services[]\" value=\"Tanc u oblacima\" \/><span class=\"wpcf7-list-item-label\">Tanz in den Wolken<\/span><\/label><\/span><span class=\"wpcf7-list-item last\"><label><input type=\"checkbox\" name=\"services[]\" value=\"Sampanj Fontana\" \/><span class=\"wpcf7-list-item-label\">Champagnerbrunnen<\/span><\/label><\/span><\/span><\/span>\n    <\/div>\n        <input class=\"wpcf7-form-control wpcf7-submit has-spinner button-primary mt-15\" type=\"submit\" value=\"Nachricht senden\" \/><\/div><\/div><div class=\"wpcf7-response-output\" aria-hidden=\"true\"><\/div>\n<input type=\"hidden\" name=\"trp-form-language\" value=\"de\"\/><\/form>\n<\/div>\n\t\t\t\t\t\t\t\t\t\t\t\t\t<\/div>\n\t\t\t\t\t<\/div>\n\t\t\t\t<\/div>\n\t\t\t<\/div>\n\t\t<\/section>\n\n\t\t\t\t\t<\/div>\n\t\t\t\t<\/div>\n\t\t\t\t\t<\/div>\n\t\t<\/div>\n\t\t\t\t\t<\/div>\n\t\t<\/section>\n\t\t\t\t<section class=\"elementor-section elementor-top-section elementor-element elementor-element-d77428b elementor-section-full_width elementor-section-height-default elementor-section-height-default\" data-id=\"d77428b\" data-element_type=\"section\" data-e-type=\"section\">\n\t\t\t\t\t\t<div class=\"elementor-container elementor-column-gap-no\">\n\t\t\t\t\t<div class=\"elementor-column elementor-col-100 elementor-top-column elementor-element elementor-element-5536f36\" data-id=\"5536f36\" data-element_type=\"column\" data-e-type=\"column\">\n\t\t\t<div class=\"elementor-widget-wrap elementor-element-populated\">\n\t\t\t\t\t\t<div class=\"elementor-element elementor-element-69add3d elementor-align-left elementor-widget elementor-widget-pages-faq\" data-id=\"69add3d\" data-element_type=\"widget\" data-e-type=\"widget\" data-widget_type=\"pages-faq.default\">\n\t\t\t\t<div class=\"elementor-widget-container\">\n\t\t\t\t\t\r\n\t\t<section class=\"section-padding2\">\r\n\t        <div class=\"container\">\r\n\t            <div class=\"row\">\r\n\t                <div class=\"col-md-12 text-center mb-20\">\r\n\t                    \t\t\t\t\t\t\t<h2 class=\"section-title\">H\u00e4ufig gestellte Fragen<\/h2>\r\n\t\t\t\t\t\t\t\t\t\t\t\t\t                <\/div>\r\n\t            <\/div>\r\n\t            <div class=\"row\">\r\n\t                <!-- Accordion -->\r\n\t                <div class=\"col-md-8 offset-md-2 faqs-accordion mb-30\">\r\n\t                    <div class=\"accordion\">\r\n\t                    \t\t\t                        <div class=\"item\">\r\n\t\t                        \t\t\t                            <div class=\"title\">\r\n\t\t                                <h6>Wie kann ich einen Termin buchen?\n<\/h6>\r\n\t\t                            <\/div>\r\n\t\t                            \t\t                            \t\t                            <div class=\"accordion-info\">\r\n\t\t                                <p>Einen Termin k\u00f6nnen Sie reservieren, indem Sie uns \u00fcber das Kontaktformular auf der Website, per E-Mail oder telefonisch kontaktieren. Nach der Absprache der Details wird die Reservierung durch die Zahlung einer Anzahlung best\u00e4tigt.\n<\/p>\r\n\t\t                            <\/div>\r\n\t\t                            \t\t                        <\/div>\r\n\t                        \t\t                        <div class=\"item\">\r\n\t\t                        \t\t\t                            <div class=\"title\">\r\n\t\t                                <h6>F\u00fcr welche Arten von Veranstaltungen bieten Sie Foto- und Videodienstleistungen an?<\/h6>\r\n\t\t                            <\/div>\r\n\t\t                            \t\t                            \t\t                            <div class=\"accordion-info\">\r\n\t\t                                <p>Wir bieten Fotografie- und Videoproduktion f\u00fcr verschiedene Veranstaltungen an: Hochzeiten, Taufen, Geburtstage, private und gesch\u00e4ftliche Events, Konzerte sowie weitere Projekte nach Vereinbarung.<\/p>\r\n\t\t                            <\/div>\r\n\t\t                            \t\t                        <\/div>\r\n\t                        \t\t                        <div class=\"item\">\r\n\t\t                        \t\t\t                            <div class=\"title\">\r\n\t\t                                <h6>Wie lange dauert es, bis wir die Fotos oder Videos erhalten?<\/h6>\r\n\t\t                            <\/div>\r\n\t\t                            \t\t                            \t\t                            <div class=\"accordion-info\">\r\n\t\t                                <p>Die Fotos erhalten Sie innerhalb einer Woche, w\u00e4hrend die Lieferzeit f\u00fcr Videos drei Wochen betr\u00e4gt.<\/p>\r\n\t\t                            <\/div>\r\n\t\t                            \t\t                        <\/div>\r\n\t                        \t\t                        <div class=\"item\">\r\n\t\t                        \t\t\t                            <div class=\"title\">\r\n\t\t                                <h6>In welchen St\u00e4dten arbeiten Sie?<\/h6>\r\n\t\t                            <\/div>\r\n\t\t                            \t\t                            \t\t                            <div class=\"accordion-info\">\r\n\t\t                                <p>Wir arbeiten in der ganzen Schweiz und nach Vereinbarung auch in anderen L\u00e4ndern \u2013 der Standort ist kein Problem.<\/p>\r\n\t\t                            <\/div>\r\n\t\t                            \t\t                        <\/div>\r\n\t                        \t\t                        <div class=\"item\">\r\n\t\t                        \t\t\t                            <div class=\"title\">\r\n\t\t                                <h6>Wie fr\u00fch im Voraus sollte man einen Termin buchen?<\/h6>\r\n\t\t                            <\/div>\r\n\t\t                            \t\t                            \t\t                            <div class=\"accordion-info\">\r\n\t\t                                <p>Wir empfehlen, den Termin so fr\u00fch wie m\u00f6glich zu buchen, besonders f\u00fcr beliebte Daten und Wochenenden. Auf diese Weise k\u00f6nnen wir die Verf\u00fcgbarkeit garantieren und gen\u00fcgend Zeit f\u00fcr die Planung einplanen.\n<\/p>\r\n\t\t                            <\/div>\r\n\t\t                            \t\t                        <\/div>\r\n\t                        \t\t                        <div class=\"item\">\r\n\t\t                        \t\t\t                            <div class=\"title\">\r\n\t\t                                <h6>K\u00f6nnen wir das Paket an unsere Bed\u00fcrfnisse anpassen?<\/h6>\r\n\t\t                            <\/div>\r\n\t\t                            \t\t                            \t\t                            <div class=\"accordion-info\">\r\n\t\t                                <p>Nat\u00fcrlich. Jede Veranstaltung ist anders, deshalb bieten wir flexible Pakete an, die wir an Ihre W\u00fcnsche und Bed\u00fcrfnisse anpassen k\u00f6nnen.<\/p>\r\n\t\t                            <\/div>\r\n\t\t                            \t\t                        <\/div>\r\n\t                        \t\t                        <div class=\"item\">\r\n\t\t                        \t\t\t                            <div class=\"title\">\r\n\t\t                                <h6>Wie viele Kameras verwenden Sie w\u00e4hrend der Aufnahme?<\/h6>\r\n\t\t                            <\/div>\r\n\t\t                            \t\t                            \t\t                            <div class=\"accordion-info\">\r\n\t\t                                <p>Je nach Veranstaltung setzen wir eine oder mehrere Kameras ein, um verschiedene Perspektiven und alle wichtigen Momente festzuhalten.<\/p>\r\n\t\t                            <\/div>\r\n\t\t                            \t\t                        <\/div>\r\n\t                        \t\t                        <div class=\"item\">\r\n\t\t                        \t\t\t                            <div class=\"title\">\r\n\t\t                                <h6>K\u00f6nnen wir auch ein kurzes Highlight-Video f\u00fcr soziale Netzwerke erhalten?<\/h6>\r\n\t\t                            <\/div>\r\n\t\t                            \t\t                            \t\t                            <div class=\"accordion-info\">\r\n\t\t                                <p>Ja! In jedem unserer Pakete erhalten Sie auch ein Highlight-Video, oder wie wir es gerne nennen, das \u201aBest Moments Video\u2018 \u2013 perfekt zum Teilen auf Instagram, YouTube und anderen sozialen Netzwerken.<\/p>\r\n\t\t                            <\/div>\r\n\t\t                            \t\t                        <\/div>\r\n\t                        \t                    <\/div>\r\n\t                <\/div>\r\n\t            <\/div>\r\n\t        <\/div>\r\n\t    <\/section>\r\n\r\n\t\t\t\t\t<\/div>\n\t\t\t\t<\/div>\n\t\t\t\t\t<\/div>\n\t\t<\/div>\n\t\t\t\t\t<\/div>\n\t\t<\/section>\n\t\t\t\t<section class=\"elementor-section elementor-top-section elementor-element elementor-element-01915e5 elementor-section-full_width elementor-section-height-default elementor-section-height-default\" data-id=\"01915e5\" data-element_type=\"section\" data-e-type=\"section\">\n\t\t\t\t\t\t<div class=\"elementor-container elementor-column-gap-no\">\n\t\t\t\t\t<div class=\"elementor-column elementor-col-100 elementor-top-column elementor-element elementor-element-9c448c8\" data-id=\"9c448c8\" data-element_type=\"column\" data-e-type=\"column\">\n\t\t\t<div class=\"elementor-widget-wrap elementor-element-populated\">\n\t\t\t\t\t\t<div class=\"elementor-element elementor-element-886131d elementor-align-left elementor-widget elementor-widget-home-testimonials\" data-id=\"886131d\" data-element_type=\"widget\" data-e-type=\"widget\" data-widget_type=\"home-testimonials.default\">\n\t\t\t\t<div class=\"elementor-widget-container\">\n\t\t\t\t\t\n\t\t<section class=\"testimonials\">\n\t\t\t\t\t\t<div class=\"background bg-img bg-fixed section-padding pb-0\" data-background=\"https:\/\/hugoproduction.ch\/wp-content\/uploads\/2026\/03\/1-1-scaled.jpg\" data-overlay-dark=\"3\">\n\t\t\t\t\t\t\t<div class=\"container\">\n\t\t\t\t\t<div class=\"row\">\n\t\t\t\t\t\t<!-- Work together -->\n\t\t\t\t\t\t<div class=\"col-md-6 mb-30 animate-box\" data-animate-effect=\"fadeInUp\">\n\t\t\t\t\t\t\t\t\t\t\t\t\t\t<h5>Ben\u00f6tigen Sie professionelle Foto- oder Videoproduktion?\n<\/h5> \n\t\t\t\t\t\t\t\t\t\t\t\t\t\t\t\t\t\t\t\t\t<a href=\"https:\/\/hugoproduction.ch\/de\/contact-us\/\" class=\"button-tersiyer\">Kontaktieren Sie uns<\/a>\n\t\t\t\t\t\t\t\t\t\t\t\t\t<\/div>\n\t\t\t\t\t\t<!-- Testiominals -->\n\t\t\t\t\t\t<div class=\"col-md-5 offset-md-1 animate-box\" data-animate-effect=\"fadeInUp\">\n\t\t\t\t\t\t\t<div class=\"testimonials-box\">\n\t\t\t\t\t\t\t\t<div class=\"owl-carousel owl-theme\">\n\t\t\t\t\t\t\t\t\t\t\t\t\t\t\t\t\t\t<div class=\"item\"> \n\t\t\t\t\t\t\t\t\t\t\t\t\t\t\t\t\t\t\t\t<span class=\"quote\"><img decoding=\"async\" src=\"https:\/\/shtheme.com\/demosd\/phoxel\/wp-content\/uploads\/2022\/05\/quot.png\" alt=\"\"><\/span>\n\t\t\t\t\t\t\t\t\t\t\t\t\t\t\t\t\t\t\t\t\t\t\t\t\t\t\t\t\t\t<p class=\"v-border\">Alle Komplimente und ein riesiges Dankesch\u00f6n! Alles ist wundersch\u00f6n, und schon mehrere Freunde haben nach euren Kontaktdaten gefragt, die wir mit Freude weitergegeben haben! Danke von Herzen \u2764\ufe0f<\/p>\n\t\t\t\t\t\t\t\t\t\t\t\t\t\t\t\t\t\t\t\t<div class=\"info\">\n\t\t\t\t\t\t\t\t\t\t\t\t\t\t\t\t\t\t\t\t\t\t<div class=\"author-img\"> <img decoding=\"async\" src=\"https:\/\/hugoproduction.ch\/wp-content\/uploads\/2026\/03\/IMG_0851-scaled-e1773049992961.jpg\" alt=\"\"> <\/div>\n\t\t\t\t\t\t\t\t\t\t\t\t\t\t\t\t\t\t\t\t\t\t<div class=\"cont\">\n\t\t\t\t\t\t\t\t\t\t\t\t\t\t\t\t\t\t\t\t\t\t\t\t<h6>Selma A.<\/h6> \n\t\t\t\t\t\t\t\t\t\t\t\t\t\t\t\t\t\t\t\t\t\t\t\t\t\t\t\t\t\t\t\t\t\t\t<\/div>\n\t\t\t\t\t\t\t\t\t\t<\/div>\n\t\t\t\t\t\t\t\t\t<\/div>\n\t\t\t\t\t\t\t\t\t\t\t\t\t\t\t\t\t\t<div class=\"item\"> \n\t\t\t\t\t\t\t\t\t\t\t\t\t\t\t\t\t\t\t\t<span class=\"quote\"><img decoding=\"async\" src=\"https:\/\/shtheme.com\/demosd\/phoxel\/wp-content\/uploads\/2022\/05\/quot.png\" alt=\"\"><\/span>\n\t\t\t\t\t\t\t\t\t\t\t\t\t\t\t\t\t\t\t\t\t\t\t\t\t\t\t\t\t\t<p class=\"v-border\">Wir haben den USB bekommen, wir schauen ihn gerade, ich habe so gelacht. Julijana habe ich noch nie so gesehen. Ich habe es nicht bereut, das Video genommen zu haben. Nochmals vielen Dank! Wir sehen uns, wenn Filip seinen 18. feiert \ud83d\ude00\ud83d\ude00\ud83d\ude00<\/p>\n\t\t\t\t\t\t\t\t\t\t\t\t\t\t\t\t\t\t\t\t<div class=\"info\">\n\t\t\t\t\t\t\t\t\t\t\t\t\t\t\t\t\t\t\t\t\t\t<div class=\"author-img\"> <img decoding=\"async\" src=\"https:\/\/hugoproduction.ch\/wp-content\/uploads\/2026\/03\/IMG_4649-scaled-e1773052795918.jpg\" alt=\"\"> <\/div>\n\t\t\t\t\t\t\t\t\t\t\t\t\t\t\t\t\t\t\t\t\t\t<div class=\"cont\">\n\t\t\t\t\t\t\t\t\t\t\t\t\t\t\t\t\t\t\t\t\t\t\t\t<h6>Zorica M.<\/h6> \n\t\t\t\t\t\t\t\t\t\t\t\t\t\t\t\t\t\t\t\t\t\t\t\t\t\t\t\t\t\t\t\t\t\t\t<\/div>\n\t\t\t\t\t\t\t\t\t\t<\/div>\n\t\t\t\t\t\t\t\t\t<\/div>\n\t\t\t\t\t\t\t\t\t\t\t\t\t\t\t\t\t<\/div>\n\t\t\t\t\t\t\t<\/div>\n\t\t\t\t\t\t<\/div>\n\t\t\t\t\t<\/div>\n\t\t\t\t<\/div>\n\t\t\t<\/div>\n\t\t<\/section>\n\t\t\t\t\t<\/div>\n\t\t\t\t<\/div>\n\t\t\t\t\t<\/div>\n\t\t<\/div>\n\t\t\t\t\t<\/div>\n\t\t<\/section>\n\t\t\t\t<\/div>","protected":false},"excerpt":{"rendered":"<p>Contact Praesent sed nisl ullamcorper metus utah phare mavna busnini viventa the ornare ipsum. Kontaktirajte nas Za vi\u0161e informacija, kontaktirajte nas putem nekog od sledecih nacina Pozovite nas +41 76 244 96 78 Posaljite nam mail contact@hugoproduction.ch Posaljite nam mail Usluge koje Vas zanimaju: FotoVideoRasveta360 Video BoothFotoboxVatrometiTanc u oblacimaSampanj Fontana \u010cesto postavljana pitanja Kako mogu [&hellip;]<\/p>\n","protected":false},"author":1,"featured_media":0,"parent":0,"menu_order":0,"comment_status":"closed","ping_status":"closed","template":"page-templates\/home.php","meta":{"_monsterinsights_skip_tracking":false,"_monsterinsights_sitenote_active":false,"_monsterinsights_sitenote_note":"","_monsterinsights_sitenote_category":0,"footnotes":""},"class_list":["post-63","page","type-page","status-publish","hentry"],"aioseo_notices":[],"_hostinger_reach_plugin_has_subscription_block":false,"_hostinger_reach_plugin_is_elementor":false,"_links":{"self":[{"href":"https:\/\/hugoproduction.ch\/de\/wp-json\/wp\/v2\/pages\/63","targetHints":{"allow":["GET"]}}],"collection":[{"href":"https:\/\/hugoproduction.ch\/de\/wp-json\/wp\/v2\/pages"}],"about":[{"href":"https:\/\/hugoproduction.ch\/de\/wp-json\/wp\/v2\/types\/page"}],"author":[{"embeddable":true,"href":"https:\/\/hugoproduction.ch\/de\/wp-json\/wp\/v2\/users\/1"}],"replies":[{"embeddable":true,"href":"https:\/\/hugoproduction.ch\/de\/wp-json\/wp\/v2\/comments?post=63"}],"version-history":[{"count":19,"href":"https:\/\/hugoproduction.ch\/de\/wp-json\/wp\/v2\/pages\/63\/revisions"}],"predecessor-version":[{"id":1462,"href":"https:\/\/hugoproduction.ch\/de\/wp-json\/wp\/v2\/pages\/63\/revisions\/1462"}],"wp:attachment":[{"href":"https:\/\/hugoproduction.ch\/de\/wp-json\/wp\/v2\/media?parent=63"}],"curies":[{"name":"wp","href":"https:\/\/api.w.org\/{rel}","templated":true}]}}